{"id":1297,"date":"2022-12-07T16:24:57","date_gmt":"2022-12-07T16:24:57","guid":{"rendered":"https:\/\/dev.arasti.de\/?page_id=1297"},"modified":"2023-04-02T15:11:07","modified_gmt":"2023-04-02T15:11:07","slug":"hydrantenanlagen","status":"publish","type":"page","link":"https:\/\/arasti.de\/home\/hydrantenanlagen\/","title":{"rendered":"Hydrantenanlagen"},"content":{"rendered":"<p>[et_pb_section fb_built=&#8220;1&#8243; fullwidth=&#8220;on&#8220; disabled_on=&#8220;off|off|off&#8220; admin_label=&#8220;Header&#8220; _builder_version=&#8220;4.19.4&#8243; _module_preset=&#8220;default&#8220; da_disable_devices=&#8220;off|off|off&#8220; locked=&#8220;off&#8220; global_colors_info=&#8220;{}&#8220; collapsed=&#8220;on&#8220; da_is_popup=&#8220;off&#8220; da_exit_intent=&#8220;off&#8220; da_has_close=&#8220;on&#8220; da_alt_close=&#8220;off&#8220; da_dark_close=&#8220;off&#8220; da_not_modal=&#8220;on&#8220; da_is_singular=&#8220;off&#8220; da_with_loader=&#8220;off&#8220; da_has_shadow=&#8220;on&#8220;][et_pb_nextend_smart_slider_3_fullwidth slider=&#8220;56&#8243; disabled_on=&#8220;off|off|off&#8220; _builder_version=&#8220;4.19.4&#8243; _module_preset=&#8220;default&#8220; global_colors_info=&#8220;{}&#8220;][\/et_pb_nextend_smart_slider_3_fullwidth][\/et_pb_section][et_pb_section fb_built=&#8220;1&#8243; disabled_on=&#8220;on|on|off&#8220; admin_label=&#8220;Hydrantenanlagen Desktop&#8220; _builder_version=&#8220;4.19.4&#8243; _module_preset=&#8220;default&#8220; background_enable_color=&#8220;off&#8220; custom_margin=&#8220;||||false|false&#8220; custom_padding=&#8220;||||false|false&#8220; da_disable_devices=&#8220;off|off|off&#8220; collapsed=&#8220;on&#8220; global_colors_info=&#8220;{}&#8220; da_is_popup=&#8220;off&#8220; da_exit_intent=&#8220;off&#8220; da_has_close=&#8220;on&#8220; da_alt_close=&#8220;off&#8220; da_dark_close=&#8220;off&#8220; da_not_modal=&#8220;on&#8220; da_is_singular=&#8220;off&#8220; da_with_loader=&#8220;off&#8220; da_has_shadow=&#8220;on&#8220;][et_pb_row column_structure=&#8220;1_2,1_2&#8243; _builder_version=&#8220;4.19.4&#8243; _module_preset=&#8220;default&#8220; background_color=&#8220;#FFFFFF&#8220; custom_margin=&#8220;-15px|auto||auto|false|false&#8220; custom_padding=&#8220;||||false|false&#8220; global_colors_info=&#8220;{}&#8220;][et_pb_column type=&#8220;1_2&#8243; _builder_version=&#8220;4.19.2&#8243; _module_preset=&#8220;default&#8220; global_colors_info=&#8220;{}&#8220;][et_pb_image src=&#8220;https:\/\/arasti.de\/wp-content\/uploads\/2022\/11\/content-image-overlay@2x.png&#8220; title_text=&#8220;1200_1200_Slider6&#8243; align=&#8220;right&#8220; _builder_version=&#8220;4.19.5&#8243; _module_preset=&#8220;default&#8220; background_color=&#8220;RGBA(255,255,255,0)&#8220; background_image=&#8220;https:\/\/arasti.de\/wp-content\/uploads\/2022\/11\/1200_1200_Slider6-1.jpg&#8220; height=&#8220;20em&#8220; global_colors_info=&#8220;{}&#8220;][\/et_pb_image][\/et_pb_column][et_pb_column type=&#8220;1_2&#8243; _builder_version=&#8220;4.19.2&#8243; _module_preset=&#8220;default&#8220; global_colors_info=&#8220;{}&#8220;][et_pb_text _builder_version=&#8220;4.19.5&#8243; _module_preset=&#8220;default&#8220; text_font=&#8220;|300|||||||&#8220; background_color=&#8220;RGBA(255,255,255,0)&#8220; global_colors_info=&#8220;{}&#8220;]<\/p>\n<p><span><strong>Wand- und Au\u00dfenhydranten<\/strong> sind nur das sichtbare Ende einer verl\u00e4sslichen L\u00f6schwasserversorgung f\u00fcr den manuellen L\u00f6schangriff durch Feuerwehren, Betreiberpersonal oder Geb\u00e4udenutzer. <\/span><\/p>\n<p><span>Dahinter stehen zuverl\u00e4ssige und auf die \u00f6rtlichen Bedingungen abgestimmte Wasserversorgungsbauteile, wie Pumpenanlagen, Erdleitungen sowie F\u00fcll- und Entleerungsstationen. <\/span><\/p>\n<p><span>Diese Komponenten stellen eine verl\u00e4ssliche Versorgung der Hydranten sicher.<\/span><\/p>\n<p><span><strong>Wandhydranten Typ F<\/strong> sind nun ausschlie\u00dflich \u00fcber Nass-Trockenstationen oder Trinkwasser-Trennstationen mit freiem Auslauf anzuschlie\u00dfen, damit eine Gef\u00e4hrdung des Trinkwassers vermieden wird.<\/span><\/p>\n<p>[\/et_pb_text][\/et_pb_column][\/et_pb_row][et_pb_row _builder_version=&#8220;4.19.4&#8243; _module_preset=&#8220;default&#8220; background_color=&#8220;#FFFFFF&#8220; custom_margin=&#8220;-15px|auto||auto|false|false&#8220; custom_padding=&#8220;||||false|false&#8220; global_colors_info=&#8220;{}&#8220;][et_pb_column type=&#8220;4_4&#8243; _builder_version=&#8220;4.19.1&#8243; _module_preset=&#8220;default&#8220; global_colors_info=&#8220;{}&#8220;][et_pb_text _builder_version=&#8220;4.19.4&#8243; _module_preset=&#8220;default&#8220; text_font=&#8220;|300|||||||&#8220; background_color=&#8220;RGBA(255,255,255,0)&#8220; global_colors_info=&#8220;{}&#8220;]<\/p>\n<p><strong>Warum Trinkwassertrennung wichtig ist:<\/strong><\/p>\n<p>Feuerl\u00f6sch- und Brandschutzanlagen im Geb\u00e4ude stellen ein hohes hygienisches Risiko dar, wenn sie unmittelbar mit der Trinkwasserinstallation verbunden sind.. Die DIN 1988 Teil 600 regelt bereits seit 2010 die Ausf\u00fchrung und den Anschluss von Trinkwasserinstallationen in Verbindung mit Feuerl\u00f6sch- und Brandschutzanlagen. Die neue Trinkwasserverordnung (TVO), die am 1. November 2011 in Kraft getreten ist, hat hier noch einige Versch\u00e4rfungen gebracht.<\/p>\n<p>Man unterscheidet auch zwischen<span>\u00a0<\/span><strong>\u00dcberflur<\/strong>&#8211; und<span>\u00a0<\/span><strong>Unterflurhydranten<\/strong>.<\/p>\n<p>Bei L\u00f6schwasserleitungen wird unterschieden zwischen:<\/p>\n<p>1. L\u00f6schwasserleitung &#8222;Nass&#8220;: Die Leitungen sind st\u00e4ndig mit Wasser gef\u00fcllt und betriebsbereit.\u00a0<br \/>2. L\u00f6schwasserleitung &#8222;Nass\/Trocken&#8220;: Leitungen werden erst im Brandfall durch Fernbet\u00e4tigung mit L\u00f6schwasser gef\u00fcllt.\u00a0<br \/>3. L\u00f6schwasserleitung &#8222;Trocken&#8220;: Leitungen, die ausschlie\u00dflich von der Feuerwehr mit L\u00f6schwasser von au\u00dfen eingespeist und in Betrieb gesetzt werden.<\/p>\n<p>&nbsp;<\/p>\n<p>[\/et_pb_text][\/et_pb_column][\/et_pb_row][\/et_pb_section][et_pb_section fb_built=&#8220;1&#8243; disabled_on=&#8220;off|off|on&#8220; admin_label=&#8220;Hydrantenanlagen Tablet &#038; Mobile&#8220; _builder_version=&#8220;4.19.4&#8243; _module_preset=&#8220;default&#8220; background_enable_color=&#8220;off&#8220; custom_margin=&#8220;||||false|false&#8220; custom_padding=&#8220;0px||||false|false&#8220; da_disable_devices=&#8220;off|off|off&#8220; collapsed=&#8220;on&#8220; global_colors_info=&#8220;{}&#8220; da_is_popup=&#8220;off&#8220; da_exit_intent=&#8220;off&#8220; da_has_close=&#8220;on&#8220; da_alt_close=&#8220;off&#8220; da_dark_close=&#8220;off&#8220; da_not_modal=&#8220;on&#8220; da_is_singular=&#8220;off&#8220; da_with_loader=&#8220;off&#8220; da_has_shadow=&#8220;on&#8220;][et_pb_row column_structure=&#8220;1_2,1_2&#8243; _builder_version=&#8220;4.19.4&#8243; _module_preset=&#8220;default&#8220; background_color=&#8220;#FFFFFF&#8220; custom_margin=&#8220;|auto||auto|false|false&#8220; custom_padding=&#8220;||||false|false&#8220; global_colors_info=&#8220;{}&#8220;][et_pb_column type=&#8220;1_2&#8243; _builder_version=&#8220;4.19.2&#8243; _module_preset=&#8220;default&#8220; global_colors_info=&#8220;{}&#8220;][et_pb_text _builder_version=&#8220;4.19.5&#8243; _module_preset=&#8220;default&#8220; text_font=&#8220;|300|||||||&#8220; background_color=&#8220;RGBA(255,255,255,0)&#8220; locked=&#8220;off&#8220; global_colors_info=&#8220;{}&#8220;]<\/p>\n<p><span><strong>Wand- und Au\u00dfenhydranten<\/strong> sind nur das sichtbare Ende einer verl\u00e4sslichen L\u00f6schwasserversorgung f\u00fcr den manuellen L\u00f6schangriff durch Feuerwehren, Betreiberpersonal oder Geb\u00e4udenutzer. <\/span><\/p>\n<p><span>Dahinter stehen zuverl\u00e4ssige und auf die \u00f6rtlichen Bedingungen abgestimmte Wasserversorgungsbauteile, wie Pumpenanlagen, Erdleitungen sowie F\u00fcll- und Entleerungsstationen. <\/span><\/p>\n<p><span>Diese Komponenten stellen eine verl\u00e4ssliche Versorgung der Hydranten sicher.<\/span><\/p>\n<p><span><strong>Wandhydranten Typ F<\/strong> sind nun ausschlie\u00dflich \u00fcber Nass-Trockenstationen oder Trinkwasser-Trennstationen mit freiem Auslauf anzuschlie\u00dfen, damit eine Gef\u00e4hrdung des Trinkwassers vermieden wird.<\/span><\/p>\n<p>[\/et_pb_text][\/et_pb_column][et_pb_column type=&#8220;1_2&#8243; _builder_version=&#8220;4.19.2&#8243; _module_preset=&#8220;default&#8220; global_colors_info=&#8220;{}&#8220;][et_pb_image src=&#8220;https:\/\/arasti.de\/wp-content\/uploads\/2022\/11\/1200_1200_Slider6-1.jpg&#8220; title_text=&#8220;1200_1200_Slider6&#8243; align=&#8220;center&#8220; _builder_version=&#8220;4.19.5&#8243; _module_preset=&#8220;default&#8220; background_enable_image=&#8220;off&#8220; parallax=&#8220;on&#8220; height=&#8220;420px&#8220; global_colors_info=&#8220;{}&#8220;][\/et_pb_image][\/et_pb_column][\/et_pb_row][et_pb_row _builder_version=&#8220;4.19.2&#8243; _module_preset=&#8220;default&#8220; background_color=&#8220;#FFFFFF&#8220; custom_margin=&#8220;|auto||auto|false|false&#8220; custom_padding=&#8220;||||false|false&#8220; global_colors_info=&#8220;{}&#8220;][et_pb_column type=&#8220;4_4&#8243; _builder_version=&#8220;4.19.1&#8243; _module_preset=&#8220;default&#8220; global_colors_info=&#8220;{}&#8220;][et_pb_text _builder_version=&#8220;4.19.4&#8243; _module_preset=&#8220;default&#8220; text_font=&#8220;|300|||||||&#8220; background_color=&#8220;RGBA(255,255,255,0)&#8220; locked=&#8220;off&#8220; global_colors_info=&#8220;{}&#8220;]<\/p>\n<p><strong>Warum Trinkwassertrennung wichtig ist:<\/strong><\/p>\n<p>Feuerl\u00f6sch- und Brandschutzanlagen im Geb\u00e4ude stellen ein hohes hygienisches Risiko dar, wenn sie unmittelbar mit der Trinkwasserinstallation verbunden sind.. Die DIN 1988 Teil 600 regelt bereits seit 2010 die Ausf\u00fchrung und den Anschluss von Trinkwasserinstallationen in Verbindung mit Feuerl\u00f6sch- und Brandschutzanlagen. Die neue Trinkwasserverordnung (TVO), die am 1. November 2011 in Kraft getreten ist, hat hier noch einige Versch\u00e4rfungen gebracht.<\/p>\n<p>Man unterscheidet auch zwischen<span>\u00a0<\/span><strong>\u00dcberflur<\/strong>&#8211; und<span>\u00a0<\/span><strong>Unterflurhydranten<\/strong>.<\/p>\n<p>Bei L\u00f6schwasserleitungen wird unterschieden zwischen:<\/p>\n<p>1. L\u00f6schwasserleitung &#8222;Nass&#8220;: Die Leitungen sind st\u00e4ndig mit Wasser gef\u00fcllt und betriebsbereit.\u00a0<br \/>2. L\u00f6schwasserleitung &#8222;Nass\/Trocken&#8220;: Leitungen werden erst im Brandfall durch Fernbet\u00e4tigung mit L\u00f6schwasser gef\u00fcllt.\u00a0<br \/>3. L\u00f6schwasserleitung &#8222;Trocken&#8220;: Leitungen, die ausschlie\u00dflich von der Feuerwehr mit L\u00f6schwasser von au\u00dfen eingespeist und in Betrieb gesetzt werden.<\/p>\n<p>&nbsp;<\/p>\n<p>[\/et_pb_text][\/et_pb_column][\/et_pb_row][\/et_pb_section]<\/p>\n","protected":false},"excerpt":{"rendered":"<p>Wand- und Au\u00dfenhydranten sind nur das sichtbare Ende einer verl\u00e4sslichen L\u00f6schwasserversorgung f\u00fcr den manuellen L\u00f6schangriff durch Feuerwehren, Betreiberpersonal oder Geb\u00e4udenutzer. Dahinter stehen zuverl\u00e4ssige und auf die \u00f6rtlichen Bedingungen abgestimmte Wasserversorgungsbauteile, wie Pumpenanlagen, Erdleitungen sowie F\u00fcll- und Entleerungsstationen. Diese Komponenten stellen eine verl\u00e4ssliche Versorgung der Hydranten sicher. Wandhydranten Typ F sind nun ausschlie\u00dflich \u00fcber Nass-Trockenstationen oder [&hellip;]<\/p>\n","protected":false},"author":1,"featured_media":0,"parent":0,"menu_order":0,"comment_status":"closed","ping_status":"closed","template":"","meta":{"_et_pb_use_builder":"on","_et_pb_old_content":"","_et_gb_content_width":"","footnotes":""},"class_list":["post-1297","page","type-page","status-publish","hentry"],"_links":{"self":[{"href":"https:\/\/arasti.de\/home\/wp-json\/wp\/v2\/pages\/1297","targetHints":{"allow":["GET"]}}],"collection":[{"href":"https:\/\/arasti.de\/home\/wp-json\/wp\/v2\/pages"}],"about":[{"href":"https:\/\/arasti.de\/home\/wp-json\/wp\/v2\/types\/page"}],"author":[{"embeddable":true,"href":"https:\/\/arasti.de\/home\/wp-json\/wp\/v2\/users\/1"}],"replies":[{"embeddable":true,"href":"https:\/\/arasti.de\/home\/wp-json\/wp\/v2\/comments?post=1297"}],"version-history":[{"count":37,"href":"https:\/\/arasti.de\/home\/wp-json\/wp\/v2\/pages\/1297\/revisions"}],"predecessor-version":[{"id":4914,"href":"https:\/\/arasti.de\/home\/wp-json\/wp\/v2\/pages\/1297\/revisions\/4914"}],"wp:attachment":[{"href":"https:\/\/arasti.de\/home\/wp-json\/wp\/v2\/media?parent=1297"}],"curies":[{"name":"wp","href":"https:\/\/api.w.org\/{rel}","templated":true}]}}