{"id":1289,"date":"2022-12-07T16:02:38","date_gmt":"2022-12-07T16:02:38","guid":{"rendered":"https:\/\/dev.arasti.de\/?page_id=1289"},"modified":"2023-04-02T15:21:57","modified_gmt":"2023-04-02T15:21:57","slug":"spruehwasser-loeschanlagen","status":"publish","type":"page","link":"https:\/\/arasti.de\/home\/spruehwasser-loeschanlagen\/","title":{"rendered":"Spr\u00fchwasser-L\u00f6schanlagen"},"content":{"rendered":"<p>[et_pb_section fb_built=&#8220;1&#8243; fullwidth=&#8220;on&#8220; disabled_on=&#8220;off|off|off&#8220; admin_label=&#8220;Header&#8220; _builder_version=&#8220;4.19.4&#8243; _module_preset=&#8220;default&#8220; da_disable_devices=&#8220;off|off|off&#8220; locked=&#8220;off&#8220; global_colors_info=&#8220;{}&#8220; collapsed=&#8220;on&#8220; da_is_popup=&#8220;off&#8220; da_exit_intent=&#8220;off&#8220; da_has_close=&#8220;on&#8220; da_alt_close=&#8220;off&#8220; da_dark_close=&#8220;off&#8220; da_not_modal=&#8220;on&#8220; da_is_singular=&#8220;off&#8220; da_with_loader=&#8220;off&#8220; da_has_shadow=&#8220;on&#8220;][et_pb_nextend_smart_slider_3_fullwidth slider=&#8220;55&#8243; disabled_on=&#8220;off|off|off&#8220; _builder_version=&#8220;4.19.4&#8243; _module_preset=&#8220;default&#8220; global_colors_info=&#8220;{}&#8220;][\/et_pb_nextend_smart_slider_3_fullwidth][\/et_pb_section][et_pb_section fb_built=&#8220;1&#8243; disabled_on=&#8220;on|on|off&#8220; admin_label=&#8220;Spr\u00fchwasser L\u00f6schanlagen Desktop&#8220; _builder_version=&#8220;4.19.4&#8243; _module_preset=&#8220;default&#8220; background_enable_color=&#8220;off&#8220; custom_margin=&#8220;||||false|false&#8220; custom_padding=&#8220;50px||||false|false&#8220; da_disable_devices=&#8220;off|off|off&#8220; collapsed=&#8220;on&#8220; global_colors_info=&#8220;{}&#8220; da_is_popup=&#8220;off&#8220; da_exit_intent=&#8220;off&#8220; da_has_close=&#8220;on&#8220; da_alt_close=&#8220;off&#8220; da_dark_close=&#8220;off&#8220; da_not_modal=&#8220;on&#8220; da_is_singular=&#8220;off&#8220; da_with_loader=&#8220;off&#8220; da_has_shadow=&#8220;on&#8220;][et_pb_row column_structure=&#8220;1_2,1_2&#8243; _builder_version=&#8220;4.19.4&#8243; _module_preset=&#8220;default&#8220; background_color=&#8220;#FFFFFF&#8220; custom_margin=&#8220;-15px|auto||auto|false|false&#8220; custom_padding=&#8220;||||false|false&#8220; global_colors_info=&#8220;{}&#8220;][et_pb_column type=&#8220;1_2&#8243; _builder_version=&#8220;4.19.2&#8243; _module_preset=&#8220;default&#8220; global_colors_info=&#8220;{}&#8220;][et_pb_image src=&#8220;https:\/\/arasti.de\/wp-content\/uploads\/2022\/11\/content-image-overlay@2x.png&#8220; title_text=&#8220;1200_1200_Slider20&#8243; align=&#8220;right&#8220; _builder_version=&#8220;4.19.5&#8243; _module_preset=&#8220;default&#8220; background_image=&#8220;https:\/\/arasti.de\/wp-content\/uploads\/2022\/11\/1200_1200_Slider20.jpg&#8220; height=&#8220;15em&#8220; global_colors_info=&#8220;{}&#8220;][\/et_pb_image][\/et_pb_column][et_pb_column type=&#8220;1_2&#8243; _builder_version=&#8220;4.19.2&#8243; _module_preset=&#8220;default&#8220; global_colors_info=&#8220;{}&#8220;][et_pb_text _builder_version=&#8220;4.19.5&#8243; _module_preset=&#8220;default&#8220; text_font=&#8220;|300|||||||&#8220; background_color=&#8220;RGBA(255,255,255,0)&#8220; global_colors_info=&#8220;{}&#8220;]<\/p>\n<p><strong>Spr\u00fchwasser-L\u00f6schanlagen<\/strong> sind Feuerl\u00f6schanlagen mit ortsfest verlegten Rohrleitungen, die im Gegensatz zu Sprinkleranlagen mit offenen L\u00f6schd\u00fcsen versehen sind.<\/p>\n<p>Im Unterschied zu einer Sprinkleranlage sind die Leitungen nicht permanent mit Wasser gef\u00fcllt, ebenso gibt es keine Glasf\u00e4sschen oder Schmelzlote, die den Wasseraustritt aufhalten.<\/p>\n<p>Deshalb wird eine Spr\u00fchwasserl\u00f6schanlage (auch &#8222;Regenanlage&#8220; genannt) immer &#8222;ausgel\u00f6st\u201c<span style=\"color: #333333; font-family: lato, sans-serif; font-size: 16px; font-style: normal; font-variant-ligatures: normal; font-variant-caps: normal; font-weight: 400; letter-spacing: normal; orphans: 2; text-align: start; text-indent: 0px; text-transform: none; white-space: normal; widows: 2; word-spacing: 0px; -webkit-text-stroke-width: 0px; background-color: #ffffff; text-decoration-thickness: initial; text-decoration-style: initial; text-decoration-color: initial; display: inline !important; float: none;\">\u00a0<\/span><\/p>\n<p>[\/et_pb_text][\/et_pb_column][\/et_pb_row][et_pb_row column_structure=&#8220;1_2,1_2&#8243; _builder_version=&#8220;4.19.2&#8243; _module_preset=&#8220;default&#8220; background_color=&#8220;#FFFFFF&#8220; custom_margin=&#8220;46px|auto||auto|false|false&#8220; custom_padding=&#8220;|25px||25px|false|true&#8220; global_colors_info=&#8220;{}&#8220;][et_pb_column type=&#8220;1_2&#8243; _builder_version=&#8220;4.19.1&#8243; _module_preset=&#8220;default&#8220; global_colors_info=&#8220;{}&#8220;][et_pb_text _builder_version=&#8220;4.19.5&#8243; _module_preset=&#8220;default&#8220; text_font=&#8220;|300|||||||&#8220; background_color=&#8220;RGBA(255,255,255,0)&#8220; global_colors_info=&#8220;{}&#8220;]<\/p>\n<p>Jeweils mehrere D\u00fcsen werden zu einer Gruppenwirkfl\u00e4che zusammengefasst. Im Brandfall werden mindestens zwei benachbarte Gruppenwirkfl\u00e4chen mit Wasser versorgt, d. h. alle D\u00fcsen einer Sektion spr\u00fchen bei Ausl\u00f6sung gleichzeitig.<\/p>\n<p>Sie werden dort installiert, wo im Brandfall mit einer schnellen Brandausbreitung zu rechnen ist, z.B. Theaterb\u00fchnen, Kabelkan\u00e4le, F\u00f6rderb\u00e4nde, Sp\u00e4ne Silos usw.<\/p>\n<p>Die Ausl\u00f6sung der Spr\u00fchwasser-L\u00f6schanlagen erfolgt in der Regel \u00fcber eine <strong>automatische Brandmeldeanlage.<\/strong><\/p>\n<p>Durch Zumischung von filmbildenden Schaummittel l\u00e4sst sich die L\u00f6schwirksamkeit z.B. bei Kunststoffen verbessern.<\/p>\n<p>[\/et_pb_text][\/et_pb_column][et_pb_column type=&#8220;1_2&#8243; _builder_version=&#8220;4.19.1&#8243; _module_preset=&#8220;default&#8220; global_colors_info=&#8220;{}&#8220;][et_pb_image src=&#8220;https:\/\/arasti.de\/wp-content\/uploads\/2022\/11\/content-image-overlay-flip@2x.png&#8220; title_text=&#8220;1200_1200_Slider21&#8243; _builder_version=&#8220;4.19.5&#8243; _module_preset=&#8220;default&#8220; background_image=&#8220;https:\/\/arasti.de\/wp-content\/uploads\/2022\/11\/1200_1200_Slider21.jpg&#8220; height=&#8220;295px&#8220; max_height=&#8220;348px&#8220; custom_margin=&#8220;||||false|false&#8220; global_colors_info=&#8220;{}&#8220;][\/et_pb_image][\/et_pb_column][\/et_pb_row][et_pb_row column_structure=&#8220;1_2,1_2&#8243; _builder_version=&#8220;4.19.2&#8243; _module_preset=&#8220;default&#8220; background_color=&#8220;#FFFFFF&#8220; custom_margin=&#8220;46px|auto||auto|false|false&#8220; custom_padding=&#8220;|25px||25px|false|true&#8220; global_colors_info=&#8220;{}&#8220;][et_pb_column type=&#8220;1_2&#8243; _builder_version=&#8220;4.19.1&#8243; _module_preset=&#8220;default&#8220; global_colors_info=&#8220;{}&#8220;][et_pb_image src=&#8220;https:\/\/arasti.de\/wp-content\/uploads\/2022\/11\/content-image-overlay@2x.png&#8220; title_text=&#8220;1200_1200_Slider4&#8243; align=&#8220;right&#8220; _builder_version=&#8220;4.19.5&#8243; _module_preset=&#8220;default&#8220; background_image=&#8220;https:\/\/arasti.de\/wp-content\/uploads\/2022\/11\/1200_1200_Slider4.jpg&#8220; height=&#8220;12em&#8220; global_colors_info=&#8220;{}&#8220;][\/et_pb_image][\/et_pb_column][et_pb_column type=&#8220;1_2&#8243; _builder_version=&#8220;4.19.1&#8243; _module_preset=&#8220;default&#8220; global_colors_info=&#8220;{}&#8220;][et_pb_text ul_item_indent=&#8220;3px&#8220; _builder_version=&#8220;4.19.5&#8243; _module_preset=&#8220;default&#8220; text_font=&#8220;|300|||||||&#8220; ul_font=&#8220;|300|||||||&#8220; ul_text_align=&#8220;left&#8220; background_color=&#8220;RGBA(255,255,255,0)&#8220; global_colors_info=&#8220;{}&#8220;]<\/p>\n<p><strong>Einsatzgebiete von Spr\u00fchflutanlagen:<\/strong><\/p>\n<p>Kehrichtverbrennungsanlagen, Papiermaschinen, Prozessanlagen, Transformatoren, Kraftwerke, Theaterb\u00fchnen, Kabelkan\u00e4le, Rohrbr\u00fccken, Wasserstofftrailer, Silos mit quellf\u00e4higem Inhalt, Gezielter Schutz von einzelnen Objekten (Objektschutz), Schutz vor Strahlungsw\u00e4rme durch sog. Wasservorhang oder Regenwand.<\/p>\n<p>[\/et_pb_text][\/et_pb_column][\/et_pb_row][\/et_pb_section][et_pb_section fb_built=&#8220;1&#8243; disabled_on=&#8220;off|off|on&#8220; admin_label=&#8220;Spr\u00fchwasser L\u00f6schanlagen Tablet &#038; Mobile&#8220; _builder_version=&#8220;4.19.4&#8243; _module_preset=&#8220;default&#8220; background_enable_color=&#8220;off&#8220; custom_margin=&#8220;||||false|false&#8220; custom_padding=&#8220;0px||||false|false&#8220; da_disable_devices=&#8220;off|off|off&#8220; collapsed=&#8220;on&#8220; global_colors_info=&#8220;{}&#8220; da_is_popup=&#8220;off&#8220; da_exit_intent=&#8220;off&#8220; da_has_close=&#8220;on&#8220; da_alt_close=&#8220;off&#8220; da_dark_close=&#8220;off&#8220; da_not_modal=&#8220;on&#8220; da_is_singular=&#8220;off&#8220; da_with_loader=&#8220;off&#8220; da_has_shadow=&#8220;on&#8220;][et_pb_row column_structure=&#8220;1_2,1_2&#8243; _builder_version=&#8220;4.19.4&#8243; _module_preset=&#8220;default&#8220; background_color=&#8220;#FFFFFF&#8220; custom_margin=&#8220;|auto||auto|false|false&#8220; custom_padding=&#8220;||||false|false&#8220; global_colors_info=&#8220;{}&#8220; collapsed=&#8220;on&#8220;][et_pb_column type=&#8220;1_2&#8243; _builder_version=&#8220;4.19.2&#8243; _module_preset=&#8220;default&#8220; global_colors_info=&#8220;{}&#8220;][et_pb_text _builder_version=&#8220;4.19.5&#8243; _module_preset=&#8220;default&#8220; text_font=&#8220;|300|||||||&#8220; background_color=&#8220;RGBA(255,255,255,0)&#8220; global_colors_info=&#8220;{}&#8220;]<\/p>\n<p><strong>Spr\u00fchwasser-L\u00f6schanlagen<\/strong> sind Feuerl\u00f6schanlagen mit ortsfest verlegten Rohrleitungen, die im Gegensatz zu Sprinkleranlagen mit offenen L\u00f6schd\u00fcsen versehen sind.<\/p>\n<p>Im Unterschied zu einer Sprinkleranlage sind die Leitungen nicht permanent mit Wasser gef\u00fcllt, ebenso gibt es keine Glasf\u00e4sschen oder Schmelzlote, die den Wasseraustritt aufhalten.<\/p>\n<p>Deshalb wird eine Spr\u00fchwasserl\u00f6schanlage (auch &#8222;Regenanlage&#8220; genannt) immer &#8222;ausgel\u00f6st\u201c<span style=\"color: #333333; font-family: lato, sans-serif; font-size: 16px; font-style: normal; font-variant-ligatures: normal; font-variant-caps: normal; font-weight: 400; letter-spacing: normal; orphans: 2; text-align: start; text-indent: 0px; text-transform: none; white-space: normal; widows: 2; word-spacing: 0px; -webkit-text-stroke-width: 0px; background-color: #ffffff; text-decoration-thickness: initial; text-decoration-style: initial; text-decoration-color: initial; display: inline !important; float: none;\">\u00a0<\/span><\/p>\n<p>[\/et_pb_text][\/et_pb_column][et_pb_column type=&#8220;1_2&#8243; _builder_version=&#8220;4.19.2&#8243; _module_preset=&#8220;default&#8220; global_colors_info=&#8220;{}&#8220;][et_pb_image src=&#8220;https:\/\/arasti.de\/wp-content\/uploads\/2022\/11\/1200_1200_Slider20.jpg&#8220; title_text=&#8220;1200_1200_Slider20&#8243; align=&#8220;center&#8220; align_tablet=&#8220;center&#8220; align_phone=&#8220;center&#8220; align_last_edited=&#8220;on|phone&#8220; _builder_version=&#8220;4.19.5&#8243; _module_preset=&#8220;default&#8220; background_enable_image=&#8220;off&#8220; parallax=&#8220;on&#8220; height=&#8220;295px&#8220; height_tablet=&#8220;400px&#8220; height_phone=&#8220;300px&#8220; height_last_edited=&#8220;on|tablet&#8220; global_colors_info=&#8220;{}&#8220;][\/et_pb_image][\/et_pb_column][\/et_pb_row][et_pb_row column_structure=&#8220;1_2,1_2&#8243; _builder_version=&#8220;4.19.2&#8243; _module_preset=&#8220;default&#8220; background_color=&#8220;#FFFFFF&#8220; custom_margin=&#8220;|auto||auto|false|false&#8220; custom_padding=&#8220;||||false|false&#8220; global_colors_info=&#8220;{}&#8220;][et_pb_column type=&#8220;1_2&#8243; _builder_version=&#8220;4.19.1&#8243; _module_preset=&#8220;default&#8220; global_colors_info=&#8220;{}&#8220;][et_pb_text _builder_version=&#8220;4.19.5&#8243; _module_preset=&#8220;default&#8220; text_font=&#8220;|300|||||||&#8220; background_color=&#8220;RGBA(255,255,255,0)&#8220; global_colors_info=&#8220;{}&#8220;]<\/p>\n<p>Jeweils mehrere D\u00fcsen werden zu einer Gruppenwirkfl\u00e4che zusammengefasst. Im Brandfall werden mindestens zwei benachbarte Gruppenwirkfl\u00e4chen mit Wasser versorgt, d. h. alle D\u00fcsen einer Sektion spr\u00fchen bei Ausl\u00f6sung gleichzeitig.<\/p>\n<p>Sie werden dort installiert, wo im Brandfall mit einer schnellen Brandausbreitung zu rechnen ist, z.B. Theaterb\u00fchnen, Kabelkan\u00e4le, F\u00f6rderb\u00e4nde, Sp\u00e4ne Silos usw.<\/p>\n<p>Die Ausl\u00f6sung der Spr\u00fchwasser-L\u00f6schanlagen erfolgt i.d.R. \u00fcber eine <strong>automatische Brandmeldeanlage.<\/strong><\/p>\n<p>Durch Zumischung von filmbildenden Schaummittel l\u00e4sst sich die L\u00f6schwirksamkeit z.B. bei Kunststoffen verbessern.<\/p>\n<p>[\/et_pb_text][\/et_pb_column][et_pb_column type=&#8220;1_2&#8243; _builder_version=&#8220;4.19.1&#8243; _module_preset=&#8220;default&#8220; global_colors_info=&#8220;{}&#8220;][et_pb_image src=&#8220;https:\/\/arasti.de\/wp-content\/uploads\/2022\/11\/1200_1200_Slider21-1.jpg&#8220; title_text=&#8220;1200_1200_Slider21&#8243; align=&#8220;center&#8220; align_tablet=&#8220;center&#8220; align_phone=&#8220;center&#8220; align_last_edited=&#8220;on|phone&#8220; _builder_version=&#8220;4.19.5&#8243; _module_preset=&#8220;default&#8220; background_enable_image=&#8220;off&#8220; parallax=&#8220;on&#8220; height=&#8220;295px&#8220; height_tablet=&#8220;400px&#8220; height_phone=&#8220;300px&#8220; height_last_edited=&#8220;on|tablet&#8220; global_colors_info=&#8220;{}&#8220;][\/et_pb_image][\/et_pb_column][\/et_pb_row][et_pb_row column_structure=&#8220;1_2,1_2&#8243; _builder_version=&#8220;4.19.2&#8243; _module_preset=&#8220;default&#8220; background_color=&#8220;#FFFFFF&#8220; custom_margin=&#8220;|auto||auto|false|false&#8220; custom_padding=&#8220;||||false|false&#8220; global_colors_info=&#8220;{}&#8220;][et_pb_column type=&#8220;1_2&#8243; _builder_version=&#8220;4.19.1&#8243; _module_preset=&#8220;default&#8220; global_colors_info=&#8220;{}&#8220;][et_pb_text ul_item_indent=&#8220;3px&#8220; _builder_version=&#8220;4.19.5&#8243; _module_preset=&#8220;default&#8220; text_font=&#8220;|300|||||||&#8220; ul_font=&#8220;|300|||||||&#8220; ul_text_align=&#8220;left&#8220; background_color=&#8220;RGBA(255,255,255,0)&#8220; global_colors_info=&#8220;{}&#8220;]<\/p>\n<p><strong>Einsatzgebiete von Spr\u00fchflutanlagen:<\/strong><\/p>\n<p>Kehrichtverbrennungsanlagen,\u00a0Papiermaschinen,\u00a0Prozessanlagen,\u00a0Transformatoren,\u00a0Kraftwerke,\u00a0Theaterb\u00fchnen,\u00a0Kabelkan\u00e4le,\u00a0Rohrbr\u00fccken,\u00a0Wasserstofftrailer,\u00a0Silos mit quellf\u00e4higem Inhalt,\u00a0Gezielter Schutz von einzelnen Objekten (Objektschutz),\u00a0Schutz vor Strahlungsw\u00e4rme durch sog. Wasservorhang oder Regenwand<\/p>\n<p>[\/et_pb_text][\/et_pb_column][et_pb_column type=&#8220;1_2&#8243; _builder_version=&#8220;4.19.1&#8243; _module_preset=&#8220;default&#8220; global_colors_info=&#8220;{}&#8220;][et_pb_image src=&#8220;https:\/\/arasti.de\/wp-content\/uploads\/2022\/11\/1200_1200_Slider4.jpg&#8220; title_text=&#8220;1200_1200_Slider4&#8243; align=&#8220;center&#8220; align_tablet=&#8220;center&#8220; align_phone=&#8220;center&#8220; align_last_edited=&#8220;on|phone&#8220; _builder_version=&#8220;4.19.5&#8243; _module_preset=&#8220;default&#8220; background_enable_image=&#8220;off&#8220; parallax=&#8220;on&#8220; height=&#8220;295px&#8220; height_tablet=&#8220;400px&#8220; height_phone=&#8220;300px&#8220; height_last_edited=&#8220;on|tablet&#8220; global_colors_info=&#8220;{}&#8220;][\/et_pb_image][\/et_pb_column][\/et_pb_row][\/et_pb_section]<\/p>\n","protected":false},"excerpt":{"rendered":"<p>Spr\u00fchwasser-L\u00f6schanlagen sind Feuerl\u00f6schanlagen mit ortsfest verlegten Rohrleitungen, die im Gegensatz zu Sprinkleranlagen mit offenen L\u00f6schd\u00fcsen versehen sind. Im Unterschied zu einer Sprinkleranlage sind die Leitungen nicht permanent mit Wasser gef\u00fcllt, ebenso gibt es keine Glasf\u00e4sschen oder Schmelzlote, die den Wasseraustritt aufhalten. Deshalb wird eine Spr\u00fchwasserl\u00f6schanlage (auch &#8222;Regenanlage&#8220; genannt) immer &#8222;ausgel\u00f6st\u201c\u00a0Jeweils mehrere D\u00fcsen werden zu einer [&hellip;]<\/p>\n","protected":false},"author":1,"featured_media":0,"parent":0,"menu_order":0,"comment_status":"closed","ping_status":"closed","template":"","meta":{"_et_pb_use_builder":"on","_et_pb_old_content":"","_et_gb_content_width":"","footnotes":""},"class_list":["post-1289","page","type-page","status-publish","hentry"],"_links":{"self":[{"href":"https:\/\/arasti.de\/home\/wp-json\/wp\/v2\/pages\/1289","targetHints":{"allow":["GET"]}}],"collection":[{"href":"https:\/\/arasti.de\/home\/wp-json\/wp\/v2\/pages"}],"about":[{"href":"https:\/\/arasti.de\/home\/wp-json\/wp\/v2\/types\/page"}],"author":[{"embeddable":true,"href":"https:\/\/arasti.de\/home\/wp-json\/wp\/v2\/users\/1"}],"replies":[{"embeddable":true,"href":"https:\/\/arasti.de\/home\/wp-json\/wp\/v2\/comments?post=1289"}],"version-history":[{"count":38,"href":"https:\/\/arasti.de\/home\/wp-json\/wp\/v2\/pages\/1289\/revisions"}],"predecessor-version":[{"id":4923,"href":"https:\/\/arasti.de\/home\/wp-json\/wp\/v2\/pages\/1289\/revisions\/4923"}],"wp:attachment":[{"href":"https:\/\/arasti.de\/home\/wp-json\/wp\/v2\/media?parent=1289"}],"curies":[{"name":"wp","href":"https:\/\/api.w.org\/{rel}","templated":true}]}}